{"id":14874,"date":"2022-08-06T20:41:37","date_gmt":"2022-08-06T17:41:37","guid":{"rendered":"https:\/\/fixfas.eu\/viitteet\/"},"modified":"2025-01-24T09:03:17","modified_gmt":"2025-01-24T07:03:17","slug":"viitteet","status":"publish","type":"page","link":"https:\/\/fixfas.eu\/fi\/viitteet\/","title":{"rendered":"Viitteet"},"content":{"rendered":"<style>.kb-row-layout-id14874_c9f525-2a > .kt-row-column-wrap{align-content:start;}:where(.kb-row-layout-id14874_c9f525-2a > .kt-row-column-wrap) > .wp-block-kadence-column{justify-content:start;}.kb-row-layout-id14874_c9f525-2a > .kt-row-column-wrap{column-gap:var(--global-kb-gap-md, 2rem);row-gap:var(--global-kb-gap-md, 2rem);max-width:var( --global-content-width, 1290px );padding-left:var(--global-content-edge-padding);padding-right:var(--global-content-edge-padding);padding-top:225px;padding-bottom:25px;grid-template-columns:minmax(0, 1fr);}.kb-row-layout-id14874_c9f525-2a{background-image:url('https:\/\/fixfas.eu\/wp-content\/uploads\/2022\/07\/fix.loomekodulehti.ee-home-roheline9-fassaadilahendus.jpeg');background-size:cover;background-position:40% 0%;background-attachment:scroll;background-repeat:no-repeat;}.kb-row-layout-id14874_c9f525-2a > .kt-row-layout-overlay{opacity:0.55;background-color:#242d2d;}@media all and (max-width: 1024px){.kb-row-layout-id14874_c9f525-2a > .kt-row-column-wrap{grid-template-columns:minmax(0, 1fr);}}@media all and (max-width: 767px){.kb-row-layout-id14874_c9f525-2a > .kt-row-column-wrap{padding-top:72px;padding-bottom:50px;grid-template-columns:minmax(0, 1fr);}}<\/style><div class=\"kb-row-layout-wrap kb-row-layout-id14874_c9f525-2a alignnone kt-row-has-bg wp-block-kadence-rowlayout\"><div class=\"kt-row-layout-overlay kt-row-overlay-normal\"><\/div><div class=\"kt-row-column-wrap kt-has-1-columns kt-row-layout-equal kt-tab-layout-inherit kt-mobile-layout-row kt-row-valign-top kb-theme-content-width\">\n<style>.kadence-column14874_93f4c9-e5 > .kt-inside-inner-col,.kadence-column14874_93f4c9-e5 > .kt-inside-inner-col:before{border-top-left-radius:0px;border-top-right-radius:0px;border-bottom-right-radius:0px;border-bottom-left-radius:0px;}.kadence-column14874_93f4c9-e5 > .kt-inside-inner-col{column-gap:var(--global-kb-gap-sm, 1rem);}.kadence-column14874_93f4c9-e5 > .kt-inside-inner-col{flex-direction:column;}.kadence-column14874_93f4c9-e5 > .kt-inside-inner-col > .aligncenter{width:100%;}.kadence-column14874_93f4c9-e5 > .kt-inside-inner-col:before{opacity:0.3;}.kadence-column14874_93f4c9-e5{position:relative;}@media all and (max-width: 1024px){.kadence-column14874_93f4c9-e5 > .kt-inside-inner-col{flex-direction:column;justify-content:center;}}@media all and (max-width: 767px){.kadence-column14874_93f4c9-e5 > .kt-inside-inner-col{flex-direction:column;justify-content:center;}}<\/style>\n<div class=\"wp-block-kadence-column kadence-column14874_93f4c9-e5 inner-column-1\"><div class=\"kt-inside-inner-col\"><style>.wp-block-kadence-advancedheading.kt-adv-heading14874_e44d9b-dc, .wp-block-kadence-advancedheading.kt-adv-heading14874_e44d9b-dc[data-kb-block=\"kb-adv-heading14874_e44d9b-dc\"]{font-size:60px;font-weight:800;font-style:normal;font-family:Montserrat;}.wp-block-kadence-advancedheading.kt-adv-heading14874_e44d9b-dc mark.kt-highlight, .wp-block-kadence-advancedheading.kt-adv-heading14874_e44d9b-dc[data-kb-block=\"kb-adv-heading14874_e44d9b-dc\"] mark.kt-highlight{font-style:normal;color:#f76a0c;-webkit-box-decoration-break:clone;box-decoration-break:clone;padding-top:0px;padding-right:0px;padding-bottom:0px;padding-left:0px;}@media all and (max-width: 1024px){.wp-block-kadence-advancedheading.kt-adv-heading14874_e44d9b-dc, .wp-block-kadence-advancedheading.kt-adv-heading14874_e44d9b-dc[data-kb-block=\"kb-adv-heading14874_e44d9b-dc\"]{font-size:45px;}}@media all and (max-width: 767px){.wp-block-kadence-advancedheading.kt-adv-heading14874_e44d9b-dc, .wp-block-kadence-advancedheading.kt-adv-heading14874_e44d9b-dc[data-kb-block=\"kb-adv-heading14874_e44d9b-dc\"]{font-size:35px;}}<\/style>\n<h2 class=\"kt-adv-heading14874_e44d9b-dc wp-block-kadence-advancedheading has-theme-palette-9-color has-text-color\" data-kb-block=\"kb-adv-heading14874_e44d9b-dc\">Ty\u00f6 on Tehty<\/h2>\n<\/div><\/div>\n\n<\/div><\/div>\n\n<style>.kb-row-layout-id14874_f20b08-3e > .kt-row-column-wrap{align-content:center;}:where(.kb-row-layout-id14874_f20b08-3e > .kt-row-column-wrap) > .wp-block-kadence-column{justify-content:center;}.kb-row-layout-id14874_f20b08-3e > .kt-row-column-wrap{column-gap:var(--global-kb-gap-lg, 4rem);row-gap:var(--global-kb-gap-md, 2rem);max-width:var( --global-content-width, 1290px );padding-left:var(--global-content-edge-padding);padding-right:var(--global-content-edge-padding);padding-top:90px;padding-bottom:30px;grid-template-columns:repeat(2, minmax(0, 1fr));}.kb-row-layout-id14874_f20b08-3e > .kt-row-layout-overlay{opacity:0.30;}@media all and (max-width: 1024px){.kb-row-layout-id14874_f20b08-3e > .kt-row-column-wrap{grid-template-columns:repeat(2, minmax(0, 1fr));}}@media all and (max-width: 767px){.kb-row-layout-id14874_f20b08-3e > .kt-row-column-wrap{padding-top:25px;grid-template-columns:minmax(0, 1fr);}}<\/style><div class=\"kb-row-layout-wrap kb-row-layout-id14874_f20b08-3e alignnone has-theme-palette8-background-color kt-row-has-bg wp-block-kadence-rowlayout\"><div class=\"kt-row-column-wrap kt-has-2-columns kt-row-layout-equal kt-tab-layout-inherit kt-mobile-layout-row kt-row-valign-middle kb-theme-content-width\">\n<style>.kadence-column14874_d464e7-40 > .kt-inside-inner-col,.kadence-column14874_d464e7-40 > .kt-inside-inner-col:before{border-top-left-radius:0px;border-top-right-radius:0px;border-bottom-right-radius:0px;border-bottom-left-radius:0px;}.kadence-column14874_d464e7-40 > .kt-inside-inner-col{column-gap:var(--global-kb-gap-sm, 1rem);}.kadence-column14874_d464e7-40 > .kt-inside-inner-col{flex-direction:column;}.kadence-column14874_d464e7-40 > .kt-inside-inner-col > .aligncenter{width:100%;}.kadence-column14874_d464e7-40 > .kt-inside-inner-col:before{opacity:0.3;}.kadence-column14874_d464e7-40{position:relative;}@media all and (max-width: 1024px){.kadence-column14874_d464e7-40 > .kt-inside-inner-col{flex-direction:column;justify-content:center;}}@media all and (max-width: 767px){.kadence-column14874_d464e7-40 > .kt-inside-inner-col{flex-direction:column;justify-content:center;}}<\/style>\n<div class=\"wp-block-kadence-column kadence-column14874_d464e7-40 inner-column-1\"><div class=\"kt-inside-inner-col\"><style>.wp-block-kadence-advancedheading.kt-adv-heading14874_c81645-fa, .wp-block-kadence-advancedheading.kt-adv-heading14874_c81645-fa[data-kb-block=\"kb-adv-heading14874_c81645-fa\"]{font-size:30px;font-weight:800;font-style:normal;font-family:Montserrat;}.wp-block-kadence-advancedheading.kt-adv-heading14874_c81645-fa mark.kt-highlight, .wp-block-kadence-advancedheading.kt-adv-heading14874_c81645-fa[data-kb-block=\"kb-adv-heading14874_c81645-fa\"] mark.kt-highlight{font-style:normal;color:#f76a0c;-webkit-box-decoration-break:clone;box-decoration-break:clone;padding-top:0px;padding-right:0px;padding-bottom:0px;padding-left:0px;}@media all and (max-width: 1024px){.wp-block-kadence-advancedheading.kt-adv-heading14874_c81645-fa, .wp-block-kadence-advancedheading.kt-adv-heading14874_c81645-fa[data-kb-block=\"kb-adv-heading14874_c81645-fa\"]{font-size:50px;}}@media all and (max-width: 767px){.wp-block-kadence-advancedheading.kt-adv-heading14874_c81645-fa, .wp-block-kadence-advancedheading.kt-adv-heading14874_c81645-fa[data-kb-block=\"kb-adv-heading14874_c81645-fa\"]{font-size:38px;line-height:40px;}}<\/style>\n<h2 class=\"kt-adv-heading14874_c81645-fa wp-block-kadence-advancedheading\" data-kb-block=\"kb-adv-heading14874_c81645-fa\">Ty\u00f6h\u00f6mme kuuluu<\/h2>\n\n\n\n<p>&#8212;&#8212; Koulurakennukset, liikerakennukset, omakotitalot, pys\u00e4k\u00f6intialueet jne.  <\/p>\n\n\n\n<p style=\"line-height:1.4\">Fixfasin oma perusta on vuosien varrella rakentunut runsaan tiet\u00e4myksen ja kokemuksen varaan. Tarjoamme kattavan valikoiman julkisivuratkaisuja &#8211; konsultoinnista julkisivumateriaalien myyntiin.<\/p>\n<\/div><\/div>\n\n\n<style>.kadence-column14874_5bd8c6-d4 > .kt-inside-inner-col,.kadence-column14874_5bd8c6-d4 > .kt-inside-inner-col:before{border-top-left-radius:0px;border-top-right-radius:0px;border-bottom-right-radius:0px;border-bottom-left-radius:0px;}.kadence-column14874_5bd8c6-d4 > .kt-inside-inner-col{column-gap:var(--global-kb-gap-sm, 1rem);}.kadence-column14874_5bd8c6-d4 > .kt-inside-inner-col{flex-direction:column;}.kadence-column14874_5bd8c6-d4 > .kt-inside-inner-col > .aligncenter{width:100%;}.kadence-column14874_5bd8c6-d4 > .kt-inside-inner-col:before{opacity:0.3;}.kadence-column14874_5bd8c6-d4{position:relative;}@media all and (max-width: 1024px){.kadence-column14874_5bd8c6-d4 > .kt-inside-inner-col{flex-direction:column;justify-content:center;}}@media all and (max-width: 767px){.kadence-column14874_5bd8c6-d4 > .kt-inside-inner-col{flex-direction:column;justify-content:center;}}<\/style>\n<div class=\"wp-block-kadence-column kadence-column14874_5bd8c6-d4 inner-column-2\"><div class=\"kt-inside-inner-col\">\n<p style=\"line-height:1.4\">Olemme tukenasi ja neuvomme sinua projektin alusta alkaen. Suosittelemme kuhunkin projektiin sopivimpia materiaaleja sek\u00e4 v\u00e4lt\u00e4mme ja ratkaisemme kaikki suunnittelu- ja suunnitteluvaiheessa mahdollisesti ilmenev\u00e4t virheet.  <\/p>\n\n\n\n<p><strong>T\u00e4ll\u00e4 sivulla voit katsella ja selata valikoima t\u00f6it\u00e4mme.<\/strong><\/p>\n<\/div><\/div>\n\n<\/div><\/div>","protected":false},"excerpt":{"rendered":"<p>Ty\u00f6 on Tehty Ty\u00f6h\u00f6mme kuuluu &#8212;&#8212; Koulurakennukset, liikerakennukset, omakotitalot, pys\u00e4k\u00f6intialueet jne. Fixfasin oma perusta on vuosien varrella rakentunut runsaan tiet\u00e4myksen ja kokemuksen varaan. Tarjoamme kattavan valikoiman julkisivuratkaisuja &#8211; konsultoinnista julkisivumateriaalien myyntiin. Olemme tukenasi ja neuvomme sinua projektin alusta alkaen. Suosittelemme kuhunkin projektiin sopivimpia materiaaleja sek\u00e4 v\u00e4lt\u00e4mme ja ratkaisemme kaikki suunnittelu- ja suunnitteluvaiheessa mahdollisesti ilmenev\u00e4t virheet&#8230;.<\/p>\n","protected":false},"author":1,"featured_media":0,"parent":0,"menu_order":0,"comment_status":"closed","ping_status":"closed","template":"","meta":{"_acf_changed":false,"tpgb_global_settings":"","_kad_blocks_custom_css":"","_kad_blocks_head_custom_js":"","_kad_blocks_body_custom_js":"","_kad_blocks_footer_custom_js":"","_kad_post_transparent":"","_kad_post_title":"","_kad_post_layout":"","_kad_post_sidebar_id":"","_kad_post_content_style":"","_kad_post_vertical_padding":"","_kad_post_feature":"","_kad_post_feature_position":"","_kad_post_header":false,"_kad_post_footer":false,"_kad_post_classname":"","footnotes":""},"class_list":["post-14874","page","type-page","status-publish","hentry"],"acf":[],"yoast_head":"<!-- This site is optimized with the Yoast SEO plugin v26.6 - https:\/\/yoast.com\/wordpress\/plugins\/seo\/ -->\n<title>Viitteet | FixFas Koduleht<\/title>\n<meta name=\"description\" content=\"T\u00e4ll\u00e4 sivulla voit katsella ja selata valikoima t\u00f6it\u00e4mme. Tarjoamme t\u00e4yden valikoiman julkisivuratkaisuja.\" \/>\n<meta name=\"robots\" content=\"index, follow, max-snippet:-1, max-image-preview:large, max-video-preview:-1\" \/>\n<link rel=\"canonical\" href=\"https:\/\/fixfas.eu\/fi\/viitteet\/\" \/>\n<meta property=\"og:locale\" content=\"fi_FI\" \/>\n<meta property=\"og:type\" content=\"article\" \/>\n<meta property=\"og:title\" content=\"Viitteet | FixFas Koduleht\" \/>\n<meta property=\"og:description\" content=\"T\u00e4ll\u00e4 sivulla voit katsella ja selata valikoima t\u00f6it\u00e4mme. Tarjoamme t\u00e4yden valikoiman julkisivuratkaisuja.\" \/>\n<meta property=\"og:url\" content=\"https:\/\/fixfas.eu\/fi\/viitteet\/\" \/>\n<meta property=\"og:site_name\" content=\"FixFas Koduleht\" \/>\n<meta property=\"article:modified_time\" content=\"2025-01-24T07:03:17+00:00\" \/>\n<meta name=\"twitter:card\" content=\"summary_large_image\" \/>\n<script type=\"application\/ld+json\" class=\"yoast-schema-graph\">{\"@context\":\"https:\/\/schema.org\",\"@graph\":[{\"@type\":\"WebPage\",\"@id\":\"https:\/\/fixfas.eu\/fi\/viitteet\/\",\"url\":\"https:\/\/fixfas.eu\/fi\/viitteet\/\",\"name\":\"Viitteet | FixFas Koduleht\",\"isPartOf\":{\"@id\":\"https:\/\/fixfas.eu\/fi\/#website\"},\"datePublished\":\"2022-08-06T17:41:37+00:00\",\"dateModified\":\"2025-01-24T07:03:17+00:00\",\"description\":\"T\u00e4ll\u00e4 sivulla voit katsella ja selata valikoima t\u00f6it\u00e4mme. Tarjoamme t\u00e4yden valikoiman julkisivuratkaisuja.\",\"breadcrumb\":{\"@id\":\"https:\/\/fixfas.eu\/fi\/viitteet\/#breadcrumb\"},\"inLanguage\":\"fi\",\"potentialAction\":[{\"@type\":\"ReadAction\",\"target\":[\"https:\/\/fixfas.eu\/fi\/viitteet\/\"]}]},{\"@type\":\"BreadcrumbList\",\"@id\":\"https:\/\/fixfas.eu\/fi\/viitteet\/#breadcrumb\",\"itemListElement\":[{\"@type\":\"ListItem\",\"position\":1,\"name\":\"Avaleht\",\"item\":\"https:\/\/fixfas.eu\/fi\/\"},{\"@type\":\"ListItem\",\"position\":2,\"name\":\"Viitteet\"}]},{\"@type\":\"WebSite\",\"@id\":\"https:\/\/fixfas.eu\/fi\/#website\",\"url\":\"https:\/\/fixfas.eu\/fi\/\",\"name\":\"FixFas Koduleht\",\"description\":\"Fassaadid, Kinnitustarvikud ja Ehitusmaterjalide Projektim\u00fc\u00fck\",\"publisher\":{\"@id\":\"https:\/\/fixfas.eu\/fi\/#organization\"},\"potentialAction\":[{\"@type\":\"SearchAction\",\"target\":{\"@type\":\"EntryPoint\",\"urlTemplate\":\"https:\/\/fixfas.eu\/fi\/?s={search_term_string}\"},\"query-input\":{\"@type\":\"PropertyValueSpecification\",\"valueRequired\":true,\"valueName\":\"search_term_string\"}}],\"inLanguage\":\"fi\"},{\"@type\":\"Organization\",\"@id\":\"https:\/\/fixfas.eu\/fi\/#organization\",\"name\":\"FixFas Koduleht\",\"url\":\"https:\/\/fixfas.eu\/fi\/\",\"logo\":{\"@type\":\"ImageObject\",\"inLanguage\":\"fi\",\"@id\":\"https:\/\/fixfas.eu\/fi\/#\/schema\/logo\/image\/\",\"url\":\"https:\/\/fixfas.eu\/wp-content\/uploads\/2022\/08\/fix.loomekodulehti.ee-fixfas-terv.lahendused-reg.png\",\"contentUrl\":\"https:\/\/fixfas.eu\/wp-content\/uploads\/2022\/08\/fix.loomekodulehti.ee-fixfas-terv.lahendused-reg.png\",\"width\":200,\"height\":200,\"caption\":\"FixFas Koduleht\"},\"image\":{\"@id\":\"https:\/\/fixfas.eu\/fi\/#\/schema\/logo\/image\/\"}}]}<\/script>\n<!-- \/ Yoast SEO plugin. -->","yoast_head_json":{"title":"Viitteet | FixFas Koduleht","description":"T\u00e4ll\u00e4 sivulla voit katsella ja selata valikoima t\u00f6it\u00e4mme. Tarjoamme t\u00e4yden valikoiman julkisivuratkaisuja.","robots":{"index":"index","follow":"follow","max-snippet":"max-snippet:-1","max-image-preview":"max-image-preview:large","max-video-preview":"max-video-preview:-1"},"canonical":"https:\/\/fixfas.eu\/fi\/viitteet\/","og_locale":"fi_FI","og_type":"article","og_title":"Viitteet | FixFas Koduleht","og_description":"T\u00e4ll\u00e4 sivulla voit katsella ja selata valikoima t\u00f6it\u00e4mme. Tarjoamme t\u00e4yden valikoiman julkisivuratkaisuja.","og_url":"https:\/\/fixfas.eu\/fi\/viitteet\/","og_site_name":"FixFas Koduleht","article_modified_time":"2025-01-24T07:03:17+00:00","twitter_card":"summary_large_image","schema":{"@context":"https:\/\/schema.org","@graph":[{"@type":"WebPage","@id":"https:\/\/fixfas.eu\/fi\/viitteet\/","url":"https:\/\/fixfas.eu\/fi\/viitteet\/","name":"Viitteet | FixFas Koduleht","isPartOf":{"@id":"https:\/\/fixfas.eu\/fi\/#website"},"datePublished":"2022-08-06T17:41:37+00:00","dateModified":"2025-01-24T07:03:17+00:00","description":"T\u00e4ll\u00e4 sivulla voit katsella ja selata valikoima t\u00f6it\u00e4mme. Tarjoamme t\u00e4yden valikoiman julkisivuratkaisuja.","breadcrumb":{"@id":"https:\/\/fixfas.eu\/fi\/viitteet\/#breadcrumb"},"inLanguage":"fi","potentialAction":[{"@type":"ReadAction","target":["https:\/\/fixfas.eu\/fi\/viitteet\/"]}]},{"@type":"BreadcrumbList","@id":"https:\/\/fixfas.eu\/fi\/viitteet\/#breadcrumb","itemListElement":[{"@type":"ListItem","position":1,"name":"Avaleht","item":"https:\/\/fixfas.eu\/fi\/"},{"@type":"ListItem","position":2,"name":"Viitteet"}]},{"@type":"WebSite","@id":"https:\/\/fixfas.eu\/fi\/#website","url":"https:\/\/fixfas.eu\/fi\/","name":"FixFas Koduleht","description":"Fassaadid, Kinnitustarvikud ja Ehitusmaterjalide Projektim\u00fc\u00fck","publisher":{"@id":"https:\/\/fixfas.eu\/fi\/#organization"},"potentialAction":[{"@type":"SearchAction","target":{"@type":"EntryPoint","urlTemplate":"https:\/\/fixfas.eu\/fi\/?s={search_term_string}"},"query-input":{"@type":"PropertyValueSpecification","valueRequired":true,"valueName":"search_term_string"}}],"inLanguage":"fi"},{"@type":"Organization","@id":"https:\/\/fixfas.eu\/fi\/#organization","name":"FixFas Koduleht","url":"https:\/\/fixfas.eu\/fi\/","logo":{"@type":"ImageObject","inLanguage":"fi","@id":"https:\/\/fixfas.eu\/fi\/#\/schema\/logo\/image\/","url":"https:\/\/fixfas.eu\/wp-content\/uploads\/2022\/08\/fix.loomekodulehti.ee-fixfas-terv.lahendused-reg.png","contentUrl":"https:\/\/fixfas.eu\/wp-content\/uploads\/2022\/08\/fix.loomekodulehti.ee-fixfas-terv.lahendused-reg.png","width":200,"height":200,"caption":"FixFas Koduleht"},"image":{"@id":"https:\/\/fixfas.eu\/fi\/#\/schema\/logo\/image\/"}}]}},"taxonomy_info":[],"featured_image_src_large":false,"author_info":{"display_name":"FixFas","author_link":"https:\/\/fixfas.eu\/fi\/author\/infoloov12-ee\/"},"comment_info":0,"tpgb_featured_images":null,"tpgb_post_meta_info":{"get_date":"06.08.2022","get_modified_date":"24.01.2025","author_name":"FixFas","author_url":"https:\/\/fixfas.eu\/fi\/author\/infoloov12-ee\/","author_email":"info@loov12.ee","author_website":"","author_description":"","author_facebook":"","author_twitter":"","author_instagram":"","author_role":["administrator"],"author_firstname":"","author_lastname":"","user_login":"info@loov12.ee","author_avatar":"<img alt='' src='https:\/\/secure.gravatar.com\/avatar\/fbd747cfa42400843d800168bcc38baea7f7984dc08df7f0f43ab0d599739ea3?s=200&#038;d=mm&#038;r=g' srcset='https:\/\/secure.gravatar.com\/avatar\/fbd747cfa42400843d800168bcc38baea7f7984dc08df7f0f43ab0d599739ea3?s=400&#038;d=mm&#038;r=g 2x' class='avatar avatar-200 photo' height='200' width='200' loading='lazy' decoding='async'\/>","author_avatar_url":"https:\/\/secure.gravatar.com\/avatar\/fbd747cfa42400843d800168bcc38baea7f7984dc08df7f0f43ab0d599739ea3?s=96&d=mm&r=g","comment_count":0,"post_likes":0,"post_views":0},"tpgb_post_category":[],"_links":{"self":[{"href":"https:\/\/fixfas.eu\/fi\/wp-json\/wp\/v2\/pages\/14874","targetHints":{"allow":["GET"]}}],"collection":[{"href":"https:\/\/fixfas.eu\/fi\/wp-json\/wp\/v2\/pages"}],"about":[{"href":"https:\/\/fixfas.eu\/fi\/wp-json\/wp\/v2\/types\/page"}],"author":[{"embeddable":true,"href":"https:\/\/fixfas.eu\/fi\/wp-json\/wp\/v2\/users\/1"}],"replies":[{"embeddable":true,"href":"https:\/\/fixfas.eu\/fi\/wp-json\/wp\/v2\/comments?post=14874"}],"version-history":[{"count":5,"href":"https:\/\/fixfas.eu\/fi\/wp-json\/wp\/v2\/pages\/14874\/revisions"}],"predecessor-version":[{"id":20971,"href":"https:\/\/fixfas.eu\/fi\/wp-json\/wp\/v2\/pages\/14874\/revisions\/20971"}],"wp:attachment":[{"href":"https:\/\/fixfas.eu\/fi\/wp-json\/wp\/v2\/media?parent=14874"}],"curies":[{"name":"wp","href":"https:\/\/api.w.org\/{rel}","templated":true}]}}